{"id":3,"date":"2023-03-11T00:26:07","date_gmt":"2023-03-11T00:26:07","guid":{"rendered":"http:\/\/165.22.66.92\/?page_id=3"},"modified":"2023-05-26T18:59:44","modified_gmt":"2023-05-26T18:59:44","slug":"politique-de-confidentialite","status":"publish","type":"page","link":"https:\/\/metamorphosis-project.org\/fr\/politique-de-confidentialite\/","title":{"rendered":"Politique de confidentialit\u00e9"},"content":{"rendered":"<h1 class=\"wp-block-heading\">Politique de confidentialit\u00e9<\/h1>\n\n\n\n<p>La pr\u00e9sente politique de confidentialit\u00e9 d\u00e9crit la politique du projet Meta-Morphosis en mati\u00e8re de collecte, d'utilisation et de divulgation des informations que nous recueillons lorsque vous utilisez notre site web \u00e0 l'adresse https:\/\/metamorphosis-project.org (le \"Service\"). En acc\u00e9dant ou en utilisant le Service, vous consentez \u00e0 la collecte, \u00e0 l'utilisation et \u00e0 la divulgation de vos informations conform\u00e9ment \u00e0 la pr\u00e9sente politique de confidentialit\u00e9. Si vous n'y consentez pas, veuillez ne pas acc\u00e9der au service ni l'utiliser.<\/p>\n\n\n\n<p>Nous pouvons modifier la pr\u00e9sente politique de confidentialit\u00e9 \u00e0 tout moment sans vous en informer au pr\u00e9alable et nous publierons la politique de confidentialit\u00e9 r\u00e9vis\u00e9e sur le service. La politique r\u00e9vis\u00e9e entrera en vigueur 180 jours apr\u00e8s sa publication sur le service et votre acc\u00e8s ou utilisation continue du service apr\u00e8s cette date constituera votre acceptation de la politique de confidentialit\u00e9 r\u00e9vis\u00e9e. Nous vous recommandons donc de consulter r\u00e9guli\u00e8rement cette page.<\/p>\n\n\n\n<h2 class=\"wp-block-heading\">Comment nous partageons vos informations<\/h2>\n\n\n\n<p>Nous ne transf\u00e9rerons pas vos informations personnelles \u00e0 un tiers sans votre consentement, sauf dans les circonstances limit\u00e9es d\u00e9crites ci-dessous :<\/p>\n\n\n\n<ul class=\"wp-block-list\">\n<li>Analyse<\/li>\n\n\n\n<li>D\u00e9tection du spam dans les commentaires des visiteurs<\/li>\n<\/ul>\n\n\n\n<p>Nous exigeons de ces tiers qu'ils n'utilisent les informations personnelles que nous leur transf\u00e9rons qu'aux fins pour lesquelles elles ont \u00e9t\u00e9 transf\u00e9r\u00e9es et qu'ils ne les conservent pas plus longtemps qu'il n'est n\u00e9cessaire pour atteindre lesdites fins.<\/p>\n\n\n\n<p>Nous pouvons \u00e9galement divulguer vos informations personnelles dans les cas suivants : (1) se conformer \u00e0 la loi, \u00e0 la r\u00e9glementation, \u00e0 l'ordonnance d'un tribunal ou \u00e0 toute autre proc\u00e9dure judiciaire applicable ; (2) faire respecter les accords que vous avez conclus avec nous, y compris la pr\u00e9sente politique de confidentialit\u00e9 ; ou (3) r\u00e9pondre \u00e0 des r\u00e9clamations selon lesquelles votre utilisation du service viole les droits d'une tierce partie. Si le service ou notre soci\u00e9t\u00e9 est fusionn\u00e9 ou acquis par une autre soci\u00e9t\u00e9, vos informations seront l'un des actifs transf\u00e9r\u00e9s au nouveau propri\u00e9taire.<\/p>\n\n\n\n<h2 class=\"wp-block-heading\">Vos droits<\/h2>\n\n\n\n<p>En fonction de la l\u00e9gislation applicable, vous pouvez avoir un droit d'acc\u00e8s et de rectification ou d'effacement de vos donn\u00e9es \u00e0 caract\u00e8re personnel ou recevoir une copie de vos donn\u00e9es \u00e0 caract\u00e8re personnel, restreindre le traitement actif de vos donn\u00e9es ou vous y opposer, nous demander de partager (porter) vos donn\u00e9es \u00e0 caract\u00e8re personnel avec une autre entit\u00e9, retirer tout consentement que vous nous avez donn\u00e9 pour traiter vos donn\u00e9es, un droit de d\u00e9poser une plainte aupr\u00e8s d'une autorit\u00e9 statutaire et tout autre droit pertinent en vertu de la l\u00e9gislation applicable. Pour exercer ces droits, vous pouvez envoyer un courriel au responsable de ce site web \u00e0 l'adresse suivante <a rel=\"noreferrer noopener\" href=\"mailto:contact@3danatomystudios.com\" target=\"_blank\">contact@3danatomystudios.com<\/a>. Nous r\u00e9pondrons \u00e0 votre demande conform\u00e9ment \u00e0 la l\u00e9gislation applicable. Veuillez noter que si vous ne nous autorisez pas \u00e0 collecter ou \u00e0 traiter les informations personnelles requises ou si vous retirez votre consentement au traitement de ces informations aux fins requises, il se peut que vous ne puissiez pas acc\u00e9der aux services pour lesquels vos informations ont \u00e9t\u00e9 demand\u00e9es, ni les utiliser.<\/p>\n\n\n\n<h2 class=\"wp-block-heading\">Cookies Etc.<\/h2>\n\n\n\n<p>Pour en savoir plus sur la mani\u00e8re dont nous utilisons ces technologies et sur les choix qui s'offrent \u00e0 vous en ce qui concerne ces technologies de suivi, veuillez vous reporter \u00e0 notre site web. <a href=\"https:\/\/metamorphosis-project.org\/fr\/politique-en-matiere-de-cookies\/\">Politique en mati\u00e8re de cookies.<\/a><\/p>\n\n\n\n<h2 class=\"wp-block-heading\">S\u00e9curit\u00e9<\/h2>\n\n\n\n<p>La s\u00e9curit\u00e9 de vos informations est importante pour nous et nous utiliserons des mesures de s\u00e9curit\u00e9 raisonnables pour emp\u00eacher la perte, l'utilisation abusive ou la modification non autoris\u00e9e de vos informations sous notre contr\u00f4le. Toutefois, compte tenu des risques inh\u00e9rents, nous ne pouvons pas garantir une s\u00e9curit\u00e9 absolue et, par cons\u00e9quent, nous ne pouvons pas assurer ou garantir la s\u00e9curit\u00e9 des informations que vous nous transmettez et vous le faites \u00e0 vos propres risques.<\/p>\n\n\n\n<h2 class=\"wp-block-heading\">Liens avec des tiers et utilisation de vos informations<\/h2>\n\n\n\n<p>Notre service peut contenir des liens vers d'autres sites web qui ne sont pas exploit\u00e9s par nous. La pr\u00e9sente politique de confidentialit\u00e9 ne traite pas de la politique de confidentialit\u00e9 et des autres pratiques des tiers, y compris des tiers exploitant un site web ou un service accessible par un lien sur le service. Nous vous conseillons vivement de consulter la politique de confidentialit\u00e9 de chaque site que vous visitez. Nous n'avons aucun contr\u00f4le sur le contenu, les politiques de confidentialit\u00e9 ou les pratiques des sites ou services tiers et n'assumons aucune responsabilit\u00e9 \u00e0 cet \u00e9gard.<\/p>\n\n\n\n<p>Si vous avez des questions ou des inqui\u00e9tudes concernant le traitement des informations dont nous disposons, vous pouvez envoyer un courriel au responsable de ce site web, 3D Anatomy Studios, \u00e0 l'adresse suivante <a rel=\"noreferrer noopener\" href=\"mailto:contact@3danatomystudios.com\" target=\"_blank\">contact@3danatomystudios.com<\/a>. Nous r\u00e9pondrons \u00e0 vos pr\u00e9occupations conform\u00e9ment \u00e0 la l\u00e9gislation applicable.<\/p>\n\n\n\n<p><strong>Derni\u00e8re mise \u00e0 jour : 24-May-2023<\/strong><br><strong>Date d'entr\u00e9e en vigueur : 24 mai 2023<\/strong><\/p>","protected":false},"excerpt":{"rendered":"<p>Comment nous partageons vos informations et prot\u00e9geons votre vie priv\u00e9e.<\/p>","protected":false},"author":2,"featured_media":2601,"parent":0,"menu_order":0,"comment_status":"closed","ping_status":"open","template":"","meta":{"footnotes":""},"class_list":["post-3","page","type-page","status-publish","has-post-thumbnail","hentry"],"blocksy_meta":[],"aioseo_notices":[],"jetpack_sharing_enabled":true,"_links":{"self":[{"href":"https:\/\/metamorphosis-project.org\/fr\/wp-json\/wp\/v2\/pages\/3","targetHints":{"allow":["GET"]}}],"collection":[{"href":"https:\/\/metamorphosis-project.org\/fr\/wp-json\/wp\/v2\/pages"}],"about":[{"href":"https:\/\/metamorphosis-project.org\/fr\/wp-json\/wp\/v2\/types\/page"}],"author":[{"embeddable":true,"href":"https:\/\/metamorphosis-project.org\/fr\/wp-json\/wp\/v2\/users\/2"}],"replies":[{"embeddable":true,"href":"https:\/\/metamorphosis-project.org\/fr\/wp-json\/wp\/v2\/comments?post=3"}],"version-history":[{"count":14,"href":"https:\/\/metamorphosis-project.org\/fr\/wp-json\/wp\/v2\/pages\/3\/revisions"}],"predecessor-version":[{"id":2875,"href":"https:\/\/metamorphosis-project.org\/fr\/wp-json\/wp\/v2\/pages\/3\/revisions\/2875"}],"wp:featuredmedia":[{"embeddable":true,"href":"https:\/\/metamorphosis-project.org\/fr\/wp-json\/wp\/v2\/media\/2601"}],"wp:attachment":[{"href":"https:\/\/metamorphosis-project.org\/fr\/wp-json\/wp\/v2\/media?parent=3"}],"curies":[{"name":"wp","href":"https:\/\/api.w.org\/{rel}","templated":true}]}}