{"id":2819,"date":"2023-05-24T19:20:17","date_gmt":"2023-05-24T19:20:17","guid":{"rendered":"https:\/\/metamorphosis-project.org\/?page_id=2819"},"modified":"2023-05-26T19:00:01","modified_gmt":"2023-05-26T19:00:01","slug":"politique-en-matiere-de-cookies","status":"publish","type":"page","link":"https:\/\/metamorphosis-project.org\/fr\/politique-en-matiere-de-cookies\/","title":{"rendered":"Politique en mati\u00e8re de cookies"},"content":{"rendered":"<h1 class=\"wp-block-heading\">Politique en mati\u00e8re de cookies<\/h1>\n\n\n\n<p>La pr\u00e9sente politique en mati\u00e8re de cookies explique ce que sont les cookies et comment nous les utilisons, les types de cookies que nous utilisons, les informations que nous recueillons \u00e0 l'aide des cookies et la mani\u00e8re dont ces informations sont utilis\u00e9es, ainsi que la mani\u00e8re de g\u00e9rer les param\u00e8tres des cookies.<\/p>\n\n\n\n<h2 class=\"wp-block-heading\">Qu'est-ce qu'un biscuit ?<\/h2>\n\n\n\n<p>Les cookies sont de petits fichiers texte utilis\u00e9s pour stocker de petits \u00e9l\u00e9ments d'information. Ils sont stock\u00e9s sur votre appareil lorsque le site web est charg\u00e9 sur votre navigateur. Ces cookies nous aident \u00e0 faire fonctionner le site web correctement, \u00e0 le rendre plus s\u00fbr, \u00e0 offrir une meilleure exp\u00e9rience \u00e0 l'utilisateur, \u00e0 comprendre comment le site web fonctionne et \u00e0 analyser ce qui fonctionne et ce qui doit \u00eatre am\u00e9lior\u00e9.<\/p>\n\n\n\n<h2 class=\"wp-block-heading\">Comment utilisons-nous les cookies ?<\/h2>\n\n\n\n<p>Comme la plupart des services en ligne, notre site web utilise des cookies de premi\u00e8re partie et de tierce partie \u00e0 plusieurs fins. Les cookies de premi\u00e8re partie sont essentiellement n\u00e9cessaires au bon fonctionnement du site web et ne collectent aucune donn\u00e9e personnelle identifiable.<\/p>\n\n\n\n<p>Les cookies tiers utilis\u00e9s sur notre site web servent principalement \u00e0 comprendre comment le site web fonctionne, comment vous interagissez avec notre site web, \u00e0 assurer la s\u00e9curit\u00e9 de nos services, \u00e0 fournir des publicit\u00e9s pertinentes pour vous et, dans l'ensemble, \u00e0 vous offrir une exp\u00e9rience utilisateur meilleure et am\u00e9lior\u00e9e et \u00e0 acc\u00e9l\u00e9rer vos interactions futures avec notre site web.<\/p>\n\n\n\n<h2 class=\"wp-block-heading\">Types de cookies que nous utilisons<\/h2>\n\n\n\n<p>Pour consulter la liste la plus r\u00e9cente des cookies utilis\u00e9s sur ce site, cliquez sur le lien \"Param\u00e8tres\" en bas \u00e0 droite du pied de page de n'importe quelle page de ce site.<\/p>\n\n\n\n<h2 class=\"wp-block-heading\">G\u00e9rer les pr\u00e9f\u00e9rences en mati\u00e8re de cookies<\/h2>\n\n\n\n<p>Vous pouvez modifier vos pr\u00e9f\u00e9rences en mati\u00e8re de cookies \u00e0 tout moment en cliquant sur le lien \"Param\u00e8tres\" en bas \u00e0 droite du pied de page de n'importe quelle page de ce site. Cela vous permettra de revenir \u00e0 la banni\u00e8re de consentement aux cookies et de modifier vos pr\u00e9f\u00e9rences ou de retirer votre consentement imm\u00e9diatement.<\/p>\n\n\n\n<p>En outre, les navigateurs proposent des m\u00e9thodes diff\u00e9rentes pour bloquer et supprimer les cookies utilis\u00e9s par les sites web. Vous pouvez modifier les param\u00e8tres de votre navigateur pour bloquer\/supprimer les cookies. Vous trouverez ci-dessous les liens vers les documents d'assistance relatifs \u00e0 la gestion et \u00e0 la suppression des cookies des principaux navigateurs web.<\/p>\n\n\n\n<ul class=\"wp-block-list\">\n<li><strong>Chrome :<\/strong>&nbsp;<a rel=\"noreferrer noopener\" href=\"https:\/\/support.google.com\/accounts\/answer\/32050\" target=\"_blank\">https:\/\/support.google.com\/accounts\/answer\/32050<\/a><\/li>\n\n\n\n<li><strong>Safari :<\/strong>&nbsp;<a rel=\"noreferrer noopener\" href=\"https:\/\/support.apple.com\/en-in\/guide\/safari\/sfri11471\/mac\" target=\"_blank\">https:\/\/support.apple.com\/en-in\/guide\/safari\/sfri11471\/mac<\/a><\/li>\n\n\n\n<li><strong>Firefox :<\/strong>&nbsp;<a rel=\"noreferrer noopener\" href=\"https:\/\/support.mozilla.org\/en-US\/kb\/clear-cookies-and-site-data-firefox?redirectslug=delete-cookies-remove-info-websites-stored&amp;redirectlocale=en-US\" target=\"_blank\">https:\/\/support.mozilla.org\/en-US\/kb\/clear-cookies-and-site-data-firefox?redirectslug=delete-cookies-remove-info-websites-stored&amp;redirectlocale=en-US<\/a><\/li>\n\n\n\n<li><strong>Internet Explorer :<\/strong>&nbsp;<a rel=\"noreferrer noopener\" href=\"https:\/\/support.microsoft.com\/en-us\/topic\/how-to-delete-cookie-files-in-internet-explorer-bca9446f-d873-78de-77ba-d42645fa52fc\" target=\"_blank\">https:\/\/support.microsoft.com\/en-us\/topic\/how-to-delete-cookie-files-in-internet-explorer-bca9446f-d873-78de-77ba-d42645fa52fc<\/a><\/li>\n<\/ul>\n\n\n\n<p>Si vous utilisez un autre navigateur web, veuillez consulter les documents d'assistance officiels de votre navigateur.<\/p>\n\n\n\n<p><strong>Date d'entr\u00e9e en vigueur :<\/strong> 24-Mai-2023<br><strong>Derni\u00e8re mise \u00e0 jour :<\/strong> 24-Mai-2023<\/p>","protected":false},"excerpt":{"rendered":"<p>Les informations que nous collectons \u00e0 l'aide de cookies, la mani\u00e8re dont nous utilisons ces informations et la mani\u00e8re dont vous pouvez g\u00e9rer vos param\u00e8tres de cookies.<\/p>","protected":false},"author":2,"featured_media":2601,"parent":0,"menu_order":0,"comment_status":"closed","ping_status":"closed","template":"","meta":{"footnotes":""},"class_list":["post-2819","page","type-page","status-publish","has-post-thumbnail","hentry"],"blocksy_meta":[],"aioseo_notices":[],"jetpack_sharing_enabled":true,"_links":{"self":[{"href":"https:\/\/metamorphosis-project.org\/fr\/wp-json\/wp\/v2\/pages\/2819","targetHints":{"allow":["GET"]}}],"collection":[{"href":"https:\/\/metamorphosis-project.org\/fr\/wp-json\/wp\/v2\/pages"}],"about":[{"href":"https:\/\/metamorphosis-project.org\/fr\/wp-json\/wp\/v2\/types\/page"}],"author":[{"embeddable":true,"href":"https:\/\/metamorphosis-project.org\/fr\/wp-json\/wp\/v2\/users\/2"}],"replies":[{"embeddable":true,"href":"https:\/\/metamorphosis-project.org\/fr\/wp-json\/wp\/v2\/comments?post=2819"}],"version-history":[{"count":14,"href":"https:\/\/metamorphosis-project.org\/fr\/wp-json\/wp\/v2\/pages\/2819\/revisions"}],"predecessor-version":[{"id":2860,"href":"https:\/\/metamorphosis-project.org\/fr\/wp-json\/wp\/v2\/pages\/2819\/revisions\/2860"}],"wp:featuredmedia":[{"embeddable":true,"href":"https:\/\/metamorphosis-project.org\/fr\/wp-json\/wp\/v2\/media\/2601"}],"wp:attachment":[{"href":"https:\/\/metamorphosis-project.org\/fr\/wp-json\/wp\/v2\/media?parent=2819"}],"curies":[{"name":"wp","href":"https:\/\/api.w.org\/{rel}","templated":true}]}}