{"id":3,"date":"2023-03-11T00:26:07","date_gmt":"2023-03-11T00:26:07","guid":{"rendered":"http:\/\/165.22.66.92\/?page_id=3"},"modified":"2023-05-26T18:59:44","modified_gmt":"2023-05-26T18:59:44","slug":"datenschutz-bestimmungen","status":"publish","type":"page","link":"https:\/\/metamorphosis-project.org\/de\/datenschutz-bestimmungen\/","title":{"rendered":"Datenschutzbestimmungen"},"content":{"rendered":"<h1 class=\"wp-block-heading\">Datenschutzbestimmungen<\/h1>\n\n\n\n<p>Diese Datenschutzrichtlinie beschreibt die Richtlinien von The Meta-Morphosis Project bez\u00fcglich der Erfassung, Verwendung und Offenlegung Ihrer Daten, die wir bei der Nutzung unserer Website https:\/\/metamorphosis-project.org (der \"Dienst\") erfassen. Indem Sie auf den Dienst zugreifen oder ihn nutzen, erkl\u00e4ren Sie sich mit der Erfassung, Verwendung und Weitergabe Ihrer Daten gem\u00e4\u00df dieser Datenschutzrichtlinie einverstanden. Wenn Sie damit nicht einverstanden sind, verzichten Sie bitte auf den Zugriff auf den Dienst oder dessen Nutzung.<\/p>\n\n\n\n<p>Wir k\u00f6nnen diese Datenschutzrichtlinie jederzeit ohne vorherige Benachrichtigung an Sie \u00e4ndern und werden die \u00fcberarbeitete Datenschutzrichtlinie im Dienst ver\u00f6ffentlichen. Die ge\u00e4nderte Richtlinie tritt 180 Tage nach der Ver\u00f6ffentlichung der ge\u00e4nderten Richtlinie im Dienst in Kraft, und wenn Sie nach diesem Zeitpunkt weiterhin auf den Dienst zugreifen oder ihn nutzen, erkl\u00e4ren Sie sich mit der ge\u00e4nderten Datenschutzrichtlinie einverstanden. Wir empfehlen Ihnen daher, diese Seite regelm\u00e4\u00dfig zu \u00fcberpr\u00fcfen.<\/p>\n\n\n\n<h2 class=\"wp-block-heading\">Wie wir Ihre Informationen weitergeben<\/h2>\n\n\n\n<p>Wir werden Ihre pers\u00f6nlichen Daten nicht an Dritte weitergeben, ohne Ihre Zustimmung einzuholen, au\u00dfer unter den im Folgenden beschriebenen begrenzten Umst\u00e4nden:<\/p>\n\n\n\n<ul class=\"wp-block-list\">\n<li>Analytik<\/li>\n\n\n\n<li>Spam-Erkennung f\u00fcr Besucherkommentare<\/li>\n<\/ul>\n\n\n\n<p>Wir verlangen von diesen Dritten, dass sie die personenbezogenen Daten, die wir ihnen \u00fcbermitteln, nur f\u00fcr den Zweck verwenden, f\u00fcr den sie \u00fcbermittelt wurden, und sie nicht l\u00e4nger aufbewahren, als es f\u00fcr die Erf\u00fcllung des genannten Zwecks erforderlich ist.<\/p>\n\n\n\n<p>Wir k\u00f6nnen Ihre pers\u00f6nlichen Daten auch aus den folgenden Gr\u00fcnden offenlegen: (1) um geltendem Recht, Vorschriften, Gerichtsbeschl\u00fcssen oder anderen rechtlichen Verfahren nachzukommen; (2) um Ihre Vereinbarungen mit uns, einschlie\u00dflich dieser Datenschutzrichtlinie, durchzusetzen; oder (3) um auf Klagen zu reagieren, dass Ihre Nutzung des Dienstes die Rechte Dritter verletzt. Falls der Dienst oder unser Unternehmen mit einem anderen Unternehmen fusioniert oder \u00fcbernommen wird, geh\u00f6ren Ihre Daten zu den Verm\u00f6genswerten, die auf den neuen Eigent\u00fcmer \u00fcbertragen werden.<\/p>\n\n\n\n<h2 class=\"wp-block-heading\">Ihre Rechte<\/h2>\n\n\n\n<p>Je nach geltendem Recht haben Sie das Recht, auf Ihre personenbezogenen Daten zuzugreifen und sie zu berichtigen oder zu l\u00f6schen oder eine Kopie Ihrer personenbezogenen Daten zu erhalten, die aktive Verarbeitung Ihrer Daten einzuschr\u00e4nken oder ihr zu widersprechen, uns aufzufordern, Ihre personenbezogenen Daten an eine andere Stelle weiterzugeben (zu portieren), die uns erteilte Zustimmung zur Verarbeitung Ihrer Daten zu widerrufen, das Recht, eine Beschwerde bei einer gesetzlichen Beh\u00f6rde einzureichen, sowie weitere Rechte, die nach geltendem Recht relevant sein k\u00f6nnen. Um diese Rechte auszu\u00fcben, k\u00f6nnen Sie sich per E-Mail an den Betreiber dieser Website wenden unter <a rel=\"noreferrer noopener\" href=\"mailto:contact@3danatomystudios.com\" target=\"_blank\">contact@3danatomystudios.com<\/a>. Wir werden Ihre Anfrage in \u00dcbereinstimmung mit dem geltenden Recht beantworten. Bitte beachten Sie, dass Sie m\u00f6glicherweise nicht in der Lage sind, auf die Dienste zuzugreifen oder diese zu nutzen, f\u00fcr die Ihre Daten angefordert wurden, wenn Sie uns nicht erlauben, die erforderlichen personenbezogenen Daten zu sammeln oder zu verarbeiten, oder wenn Sie Ihre Zustimmung zur Verarbeitung dieser Daten f\u00fcr die erforderlichen Zwecke zur\u00fcckziehen.<\/p>\n\n\n\n<h2 class=\"wp-block-heading\">Cookies etc.<\/h2>\n\n\n\n<p>Wenn Sie mehr dar\u00fcber erfahren m\u00f6chten, wie wir diese Technologien nutzen und welche M\u00f6glichkeiten Sie in Bezug auf diese Tracking-Technologien haben, lesen Sie bitte unsere <a href=\"https:\/\/metamorphosis-project.org\/de\/cookie-richtlinie\/\">Cookie-Richtlinie.<\/a><\/p>\n\n\n\n<h2 class=\"wp-block-heading\">Sicherheit<\/h2>\n\n\n\n<p>Die Sicherheit Ihrer Daten ist uns wichtig, und wir werden angemessene Sicherheitsma\u00dfnahmen ergreifen, um den Verlust, den Missbrauch oder die unbefugte \u00c4nderung Ihrer Daten unter unserer Kontrolle zu verhindern. In Anbetracht der inh\u00e4renten Risiken k\u00f6nnen wir jedoch keine absolute Sicherheit garantieren. Folglich k\u00f6nnen wir die Sicherheit von Informationen, die Sie uns \u00fcbermitteln, weder gew\u00e4hrleisten noch garantieren, und Sie tun dies auf eigenes Risiko.<\/p>\n\n\n\n<h2 class=\"wp-block-heading\">Links zu Drittanbietern und Verwendung Ihrer Informationen<\/h2>\n\n\n\n<p>Unser Service kann Links zu anderen Websites enthalten, die nicht von uns betrieben werden. Diese Datenschutzrichtlinie bezieht sich nicht auf die Datenschutzrichtlinien und andere Praktiken Dritter, einschlie\u00dflich Dritter, die eine Website oder einen Dienst betreiben, der \u00fcber einen Link im Dienst zug\u00e4nglich ist. Wir empfehlen Ihnen dringend, die Datenschutzrichtlinien jeder Website, die Sie besuchen, zu \u00fcberpr\u00fcfen. Wir haben keine Kontrolle \u00fcber und \u00fcbernehmen keine Verantwortung f\u00fcr den Inhalt, die Datenschutzrichtlinien oder Praktiken von Websites oder Diensten Dritter.<\/p>\n\n\n\n<p>Wenn Sie Fragen oder Bedenken bez\u00fcglich der Verarbeitung Ihrer bei uns vorhandenen Daten haben, k\u00f6nnen Sie eine E-Mail an den Betreiber dieser Website, 3D Anatomy Studios, senden <a rel=\"noreferrer noopener\" href=\"mailto:contact@3danatomystudios.com\" target=\"_blank\">contact@3danatomystudios.com<\/a>. Wir werden Ihr Anliegen im Einklang mit dem geltenden Recht behandeln.<\/p>\n\n\n\n<p><strong>Zuletzt aktualisiert: 24-Mai-2023<\/strong><br><strong>G\u00fcltig ab: 24-Mai-2023<\/strong><\/p>","protected":false},"excerpt":{"rendered":"<p>Wie wir Ihre Daten weitergeben und Ihre Privatsph\u00e4re sch\u00fctzen.<\/p>","protected":false},"author":2,"featured_media":2601,"parent":0,"menu_order":0,"comment_status":"closed","ping_status":"open","template":"","meta":{"footnotes":""},"class_list":["post-3","page","type-page","status-publish","has-post-thumbnail","hentry"],"blocksy_meta":[],"aioseo_notices":[],"jetpack_sharing_enabled":true,"_links":{"self":[{"href":"https:\/\/metamorphosis-project.org\/de\/wp-json\/wp\/v2\/pages\/3","targetHints":{"allow":["GET"]}}],"collection":[{"href":"https:\/\/metamorphosis-project.org\/de\/wp-json\/wp\/v2\/pages"}],"about":[{"href":"https:\/\/metamorphosis-project.org\/de\/wp-json\/wp\/v2\/types\/page"}],"author":[{"embeddable":true,"href":"https:\/\/metamorphosis-project.org\/de\/wp-json\/wp\/v2\/users\/2"}],"replies":[{"embeddable":true,"href":"https:\/\/metamorphosis-project.org\/de\/wp-json\/wp\/v2\/comments?post=3"}],"version-history":[{"count":14,"href":"https:\/\/metamorphosis-project.org\/de\/wp-json\/wp\/v2\/pages\/3\/revisions"}],"predecessor-version":[{"id":2875,"href":"https:\/\/metamorphosis-project.org\/de\/wp-json\/wp\/v2\/pages\/3\/revisions\/2875"}],"wp:featuredmedia":[{"embeddable":true,"href":"https:\/\/metamorphosis-project.org\/de\/wp-json\/wp\/v2\/media\/2601"}],"wp:attachment":[{"href":"https:\/\/metamorphosis-project.org\/de\/wp-json\/wp\/v2\/media?parent=3"}],"curies":[{"name":"wp","href":"https:\/\/api.w.org\/{rel}","templated":true}]}}